{"id":3939,"date":"2022-02-17T17:26:13","date_gmt":"2022-02-17T16:26:13","guid":{"rendered":"https:\/\/www.psychotherapie-dellannunziata.de\/?page_id=3939"},"modified":"2024-06-11T13:01:13","modified_gmt":"2024-06-11T11:01:13","slug":"mobbing-und-diskriminierung","status":"publish","type":"page","link":"https:\/\/www.psychotherapie-dellannunziata.de\/it\/mobbing-und-diskriminierung\/","title":{"rendered":"Mobbing und Diskriminierung"},"content":{"rendered":"<p><\/p><div class=\"fusion-fullwidth fullwidth-box fusion-builder-row-1 fusion-flex-container nonhundred-percent-fullwidth non-hundred-percent-height-scrolling fusion-no-small-visibility\" style=\"--awb-border-radius-top-left:0px;--awb-border-radius-top-right:0px;--awb-border-radius-bottom-right:0px;--awb-border-radius-bottom-left:0px;--awb-padding-right:1vw;--awb-padding-left:1vw;--awb-padding-right-small:3vw;--awb-padding-left-small:3vw;--awb-flex-wrap:wrap;\"><div class=\"fusion-builder-row fusion-row fusion-flex-align-items-flex-start fusion-flex-content-wrap\" style=\"max-width:1365px;margin-left: calc(-5% \/ 2 );margin-right: calc(-5% \/ 2 );\"><div class=\"fusion-layout-column fusion_builder_column fusion-builder-column-0 fusion_builder_column_1_1 1_1 fusion-flex-column\" style=\"--awb-bg-size:cover;--awb-width-large:100%;--awb-margin-top-large:0px;--awb-spacing-right-large:2.375%;--awb-margin-bottom-large:20px;--awb-spacing-left-large:2.375%;--awb-width-medium:100%;--awb-order-medium:0;--awb-spacing-right-medium:2.375%;--awb-spacing-left-medium:2.375%;--awb-width-small:100%;--awb-order-small:0;--awb-spacing-right-small:2.375%;--awb-spacing-left-small:2.375%;\"><div class=\"fusion-column-wrapper fusion-column-has-shadow fusion-flex-justify-content-flex-start fusion-content-layout-column\"><div class=\"fusion-text fusion-text-1 awb-text-cols fusion-text-columns-2\" style=\"--awb-columns:2;--awb-column-spacing:2em;--awb-column-min-width:100px;\"><h4 style=\"text-align: justify;\"><span style=\"color: #004c4c;\"><strong>Mobbing in der Schule<\/strong><\/span><\/h4>\n<p style=\"text-align: justify;\">War man Mob\u00adbing fr\u00fc\u00adher \u201enur\u201c in der Schu\u00adle aus\u00adge\u00adsetzt, hat man heu\u00adte teil\u00adwei\u00adse nicht ein\u00admal Zuhau\u00adse sei\u00adne Ruhe davon. Der Ein\u00adsatz sozia\u00adler Medi\u00aden wie Face\u00adbook, Insta\u00adgram, Snap\u00adchat und Co. erm\u00f6g\u00adlicht es Mob\u00adbern, ihre Opfer zu jeder Tages- und Nacht\u00adzeit und an jedem Ort zu erreichen.<\/p>\n<h4 style=\"text-align: justify;\"><span style=\"color: #004c4c;\"><strong>Keiner sollte Angst haben, in die Schule zu&nbsp;gehen<\/strong><\/span><\/h4>\n<p style=\"text-align: justify;\">Gegen Mob\u00adbing in der Schu\u00adle anzu\u00adge\u00adhen ist sehr schwie\u00adrig. Zwar k\u00f6n\u00adnen Gespr\u00e4\u00adche mit Eltern und die Inter\u00adven\u00adti\u00adon von Leh\u00adrern manch\u00admal ein wenig Abhil\u00adfe schaf\u00adfen. Trau\u00adri\u00adge Rea\u00adli\u00adt\u00e4t ist jedoch meist, dass der betrof\u00adfe\u00adne Sch\u00fcler\/Sch\u00fclerin in der Klas\u00adse als \u201egezeich\u00adnet\u201c gilt und sich in den meis\u00adten F\u00e4l\u00adlen nicht mehr von die\u00adser Rol\u00adle als Mob\u00adbing\u00adop\u00adfer reha\u00adbi\u00adli\u00adtie\u00adren kann. Oft hilft letzt\u00adend\u00adlich nur noch ein Schul\u00adwech\u00adsel, ein neu\u00ader Anfang in einem ande\u00adren Umfeld. Die see\u00adli\u00adschen und psy\u00adchi\u00adschen Ver\u00adlet\u00adzun\u00adgen, die die Sch\u00fc\u00adler davon\u00adge\u00adtra\u00adgen haben, blei\u00adben jedoch h\u00e4u\u00adfig  bestehen und k\u00f6n\u00adnen unter Umst\u00e4n\u00adden lang\u00adfris\u00adti\u00adge Fol\u00adgen f\u00fcr die men\u00adta\u00adle Gesund\u00adheit und Ent\u00adwick\u00adlung der Betrof\u00adfe\u00adnen sorgen.<\/p>\n<p style=\"text-align: justify;\">Wenn du dich in einer aku\u00adten Mob\u00adbing\u00adsi\u00adtua\u00adti\u00adon wie\u00adder\u00adfin\u00addest, soll\u00adten wir zun\u00e4chst (auf Wunsch auch zusam\u00admen mit dei\u00adnen Erzie\u00adhungs\u00adbe\u00adrech\u00adtig\u00adten) dar\u00adan arbei\u00adten, die aktu\u00adell belas\u00adten\u00adde Situa\u00adti\u00adon schnellst\u00adm\u00f6g\u00adlich zu ent\u00adsch\u00e4r\u00adfen und dir ein siche\u00adres Umfeld zu schaf\u00adfen. In einen zwei\u00adten Schritt hel\u00adfe ich dir dabei, die (trau\u00adma\u00adti\u00adschen) Erleb\u00adnis\u00adse zu ver\u00adar\u00adbei\u00adten und an dei\u00adnem Selbst\u00adwert zu arbei\u00adten, denn die\u00adser lei\u00addet meis\u00adtens stark unter den Taten der Schul\u00addi\u00adgen. Au\u00dfer\u00addem kannst du ler\u00adnen, wie du mit Kon\u00adflikt\u00adsi\u00adtua\u00adtio\u00adnen umgehst und dich in Zukunft vor m\u00f6g\u00adli\u00adchen wei\u00adte\u00adren Angrif\u00adfen sch\u00fctzt.<\/p>\n<h4 style=\"text-align: justify;\"><span style=\"color: #004c4c;\"><strong>Diskriminierungserlebnisse<\/strong><\/span><\/h4>\n<p style=\"text-align: justify;\">Auf\u00adgrund sei\u00adner Haut\u00adfar\u00adbe, Reli\u00adgi\u00adon, sexu\u00adel\u00adler Ori\u00aden\u00adtie\u00adrung oder Eth\u00adni\u00adzi\u00adt\u00e4t dis\u00adkri\u00admi\u00adniert zu wer\u00adden, ist lei\u00adder ein welt\u00adwei\u00adtes Pro\u00adblem. Auch in Deutsch\u00adland kommt dies immer noch tag\u00adt\u00e4g\u00adlich vor. Ob bei der Job- oder Woh\u00adnungs\u00adsu\u00adche, am Arbeits\u00adplatz, in der Schu\u00adle, vor dem Ein\u00adlass in Dis\u00adco\u00adthe\u00adken, im Freun\u00addes- bzw. Bekann\u00adten\u00adkreis oder selbst in der eige\u00adnen (erwei\u00adter\u00adten) Fami\u00adlie: Dis\u00adkri\u00admi\u00adnie\u00adrung und Aus\u00adgren\u00adzung sind ernied\u00adri\u00adgen\u00adde Situa\u00adtio\u00adnen die schmerz\u00adhaft sind und tie\u00adfe Wun\u00adden hin\u00adter\u00adlas\u00adsen. Man f\u00fchlt sich besch\u00e4mt, w\u00fctend oder traurig.<\/p>\n<p style=\"text-align: justify;\">Wir haben lei\u00adder kei\u00adnen Ein\u00adfluss dar\u00adauf, wie ande\u00adre Men\u00adschen uns behan\u00addeln, doch wir haben durch\u00adaus einen Ein\u00adfluss dar\u00adauf, wie wir dar\u00adauf reagie\u00adren. Zusam\u00admen k\u00f6n\u00adnen wir ganz indi\u00advi\u00addu\u00adell pas\u00adsen\u00adde Stra\u00adte\u00adgien erar\u00adbei\u00adten, wie auf sol\u00adche dis\u00adkri\u00admi\u00adnie\u00adren\u00adden Situa\u00adtio\u00adnen reagiert wer\u00adden kann und wie sie lang\u00adfris\u00adtig bew\u00e4l\u00adtigt werden.<\/p>\n<\/div><\/div><\/div><\/div><\/div><div class=\"fusion-fullwidth fullwidth-box fusion-builder-row-2 fusion-flex-container nonhundred-percent-fullwidth non-hundred-percent-height-scrolling fusion-no-medium-visibility fusion-no-large-visibility\" style=\"--awb-border-radius-top-left:0px;--awb-border-radius-top-right:0px;--awb-border-radius-bottom-right:0px;--awb-border-radius-bottom-left:0px;--awb-padding-right:1vw;--awb-padding-left:1vw;--awb-padding-right-small:3vw;--awb-padding-left-small:3vw;--awb-flex-wrap:wrap;\"><div class=\"fusion-builder-row fusion-row fusion-flex-align-items-flex-start fusion-flex-content-wrap\" style=\"max-width:1365px;margin-left: calc(-5% \/ 2 );margin-right: calc(-5% \/ 2 );\"><div class=\"fusion-layout-column fusion_builder_column fusion-builder-column-1 fusion_builder_column_1_1 1_1 fusion-flex-column\" style=\"--awb-bg-size:cover;--awb-width-large:100%;--awb-margin-top-large:0px;--awb-spacing-right-large:2.375%;--awb-margin-bottom-large:20px;--awb-spacing-left-large:2.375%;--awb-width-medium:100%;--awb-order-medium:0;--awb-spacing-right-medium:2.375%;--awb-spacing-left-medium:2.375%;--awb-width-small:100%;--awb-order-small:0;--awb-spacing-right-small:2.375%;--awb-spacing-left-small:2.375%;\"><div class=\"fusion-column-wrapper fusion-column-has-shadow fusion-flex-justify-content-flex-start fusion-content-layout-column\"><div class=\"fusion-text fusion-text-2\"><h4 style=\"text-align: justify;\"><span style=\"color: #004c4c;\"><strong>Mobbing in der Schule<\/strong><\/span><\/h4>\n<p style=\"text-align: justify;\">War man Mob\u00adbing fr\u00fc\u00adher \u201enur\u201c in der Schu\u00adle aus\u00adge\u00adsetzt, hat man heu\u00adte teil\u00adwei\u00adse nicht ein\u00admal Zuhau\u00adse sei\u00adne Ruhe davon. Der Ein\u00adsatz sozia\u00adler Medi\u00aden wie Face\u00adbook, Insta\u00adgram, Snap\u00adchat und Co. erm\u00f6g\u00adlicht es Mob\u00adbern, ihre Opfer zu jeder Tages- und Nacht\u00adzeit und an jedem Ort zu erreichen.<\/p>\n<h4 style=\"text-align: justify;\"><span style=\"color: #004c4c;\"><strong>Keiner sollte Angst haben, in die Schule zu&nbsp;gehen<\/strong><\/span><\/h4>\n<p style=\"text-align: justify;\">Gegen Mob\u00adbing in der Schu\u00adle anzu\u00adge\u00adhen ist sehr schwie\u00adrig. Zwar k\u00f6n\u00adnen Gespr\u00e4\u00adche mit Eltern und die Inter\u00adven\u00adti\u00adon von Leh\u00adrern manch\u00admal ein wenig Abhil\u00adfe schaf\u00adfen. Trau\u00adri\u00adge Rea\u00adli\u00adt\u00e4t ist jedoch meist, dass der betrof\u00adfe\u00adne Sch\u00fcler\/Sch\u00fclerin in der Klas\u00adse als \u201egezeich\u00adnet\u201c gilt und sich in den meis\u00adten F\u00e4l\u00adlen nicht mehr von die\u00adser Rol\u00adle als Mob\u00adbing\u00adop\u00adfer reha\u00adbi\u00adli\u00adtie\u00adren kann. Oft hilft letzt\u00adend\u00adlich nur noch ein Schul\u00adwech\u00adsel, ein neu\u00ader Anfang in einem ande\u00adren Umfeld. Die see\u00adli\u00adschen und psy\u00adchi\u00adschen Ver\u00adlet\u00adzun\u00adgen, die die Sch\u00fc\u00adler davon\u00adge\u00adtra\u00adgen haben, blei\u00adben jedoch h\u00e4u\u00adfig bestehen und k\u00f6n\u00adnen unter Umst\u00e4n\u00adden lang\u00adfris\u00adti\u00adge Fol\u00adgen f\u00fcr die men\u00adta\u00adle Gesund\u00adheit und Ent\u00adwick\u00adlung der Betrof\u00adfe\u00adnen sorgen.<\/p>\n<p style=\"text-align: justify;\">Wenn du dich in einer aku\u00adten Mob\u00adbing\u00adsi\u00adtua\u00adti\u00adon wie\u00adder\u00adfin\u00addest, soll\u00adten wir zun\u00e4chst (auf Wunsch auch zusam\u00admen mit dei\u00adnen Erzie\u00adhungs\u00adbe\u00adrech\u00adtig\u00adten) dar\u00adan arbei\u00adten, die aktu\u00adell belas\u00adten\u00adde Situa\u00adti\u00adon schnellst\u00adm\u00f6g\u00adlich zu ent\u00adsch\u00e4r\u00adfen und dir ein siche\u00adres Umfeld zu schaf\u00adfen. In einen zwei\u00adten Schritt hel\u00adfe ich dir dabei, die (trau\u00adma\u00adti\u00adschen) Erleb\u00adnis\u00adse zu ver\u00adar\u00adbei\u00adten und an dei\u00adnem Selbst\u00adwert zu arbei\u00adten, denn die\u00adser lei\u00addet meis\u00adtens stark unter den Taten der Schul\u00addi\u00adgen. Au\u00dfer\u00addem kannst du ler\u00adnen, wie du mit Kon\u00adflikt\u00adsi\u00adtua\u00adtio\u00adnen umgehst und dich in Zukunft vor m\u00f6g\u00adli\u00adchen wei\u00adte\u00adren Angrif\u00adfen sch\u00fctzt.<\/p>\n<h4 style=\"text-align: justify;\"><span style=\"color: #004c4c;\"><strong>Diskriminierungserlebnisse<\/strong><\/span><\/h4>\n<p style=\"text-align: justify;\">Auf\u00adgrund sei\u00adner Haut\u00adfar\u00adbe, Reli\u00adgi\u00adon, sexu\u00adel\u00adler Ori\u00aden\u00adtie\u00adrung oder Eth\u00adni\u00adzi\u00adt\u00e4t dis\u00adkri\u00admi\u00adniert zu wer\u00adden, ist lei\u00adder ein welt\u00adwei\u00adtes Pro\u00adblem. Auch in Deutsch\u00adland kommt dies immer noch tag\u00adt\u00e4g\u00adlich vor. Ob bei der Job- oder Woh\u00adnungs\u00adsu\u00adche, am Arbeits\u00adplatz, in der Schu\u00adle, vor dem Ein\u00adlass in Dis\u00adco\u00adthe\u00adken, im Freun\u00addes- bzw. Bekann\u00adten\u00adkreis oder selbst in der eige\u00adnen (erwei\u00adter\u00adten) Fami\u00adlie: Dis\u00adkri\u00admi\u00adnie\u00adrung und Aus\u00adgren\u00adzung sind ernied\u00adri\u00adgen\u00adde Situa\u00adtio\u00adnen die schmerz\u00adhaft sind und tie\u00adfe Wun\u00adden hin\u00adter\u00adlas\u00adsen. Man f\u00fchlt sich besch\u00e4mt, w\u00fctend oder traurig.<\/p>\n<p style=\"text-align: justify;\">Wir haben lei\u00adder kei\u00adnen Ein\u00adfluss dar\u00adauf, wie ande\u00adre Men\u00adschen uns behan\u00addeln, doch wir haben durch\u00adaus einen Ein\u00adfluss dar\u00adauf, wie wir dar\u00adauf reagie\u00adren. Zusam\u00admen k\u00f6n\u00adnen wir ganz indi\u00advi\u00addu\u00adell pas\u00adsen\u00adde Stra\u00adte\u00adgien erar\u00adbei\u00adten, wie auf sol\u00adche dis\u00adkri\u00admi\u00adnie\u00adren\u00adden Situa\u00adtio\u00adnen reagiert wer\u00adden kann und wie sie lang\u00adfris\u00adtig bew\u00e4l\u00adtigt werden.<\/p>\n<\/div><\/div><\/div><\/div><\/div>\n","protected":false},"excerpt":{"rendered":"","protected":false},"author":1,"featured_media":0,"parent":0,"menu_order":0,"comment_status":"closed","ping_status":"closed","template":"","meta":{"wp_typography_post_enhancements_disabled":false,"footnotes":""},"class_list":["post-3939","page","type-page","status-publish","hentry"],"yoast_head":"<!-- This site is optimized with the Yoast SEO plugin v23.0 - https:\/\/yoast.com\/wordpress\/plugins\/seo\/ -->\n<title>Mobbing und Diskriminierung - Praxis f\u00fcr Psychotherapie Dell&#039;Annunziata<\/title>\n<meta name=\"robots\" content=\"index, follow, max-snippet:-1, max-image-preview:large, max-video-preview:-1\" \/>\n<link rel=\"canonical\" href=\"https:\/\/www.psychotherapie-dellannunziata.de\/it\/mobbing-und-diskriminierung\/\" \/>\n<meta property=\"og:locale\" content=\"it_IT\" \/>\n<meta property=\"og:type\" content=\"article\" \/>\n<meta property=\"og:title\" content=\"Mobbing und Diskriminierung - Praxis f\u00fcr Psychotherapie Dell&#039;Annunziata\" \/>\n<meta property=\"og:url\" content=\"https:\/\/www.psychotherapie-dellannunziata.de\/it\/mobbing-und-diskriminierung\/\" \/>\n<meta property=\"og:site_name\" content=\"Praxis f\u00fcr Psychotherapie Dell&#039;Annunziata\" \/>\n<meta property=\"article:modified_time\" content=\"2024-06-11T11:01:13+00:00\" \/>\n<meta name=\"twitter:card\" content=\"summary_large_image\" \/>\n<meta name=\"twitter:label1\" content=\"Tempo di lettura stimato\" \/>\n\t<meta name=\"twitter:data1\" content=\"4 minuti\" \/>\n<script type=\"application\/ld+json\" class=\"yoast-schema-graph\">{\"@context\":\"https:\/\/schema.org\",\"@graph\":[{\"@type\":\"WebPage\",\"@id\":\"https:\/\/www.psychotherapie-dellannunziata.de\/it\/mobbing-und-diskriminierung\/\",\"url\":\"https:\/\/www.psychotherapie-dellannunziata.de\/it\/mobbing-und-diskriminierung\/\",\"name\":\"Mobbing und Diskriminierung - Praxis f\u00fcr Psychotherapie Dell&#039;Annunziata\",\"isPartOf\":{\"@id\":\"https:\/\/www.psychotherapie-dellannunziata.de\/#website\"},\"datePublished\":\"2022-02-17T16:26:13+00:00\",\"dateModified\":\"2024-06-11T11:01:13+00:00\",\"breadcrumb\":{\"@id\":\"https:\/\/www.psychotherapie-dellannunziata.de\/it\/mobbing-und-diskriminierung\/#breadcrumb\"},\"inLanguage\":\"it-IT\",\"potentialAction\":[{\"@type\":\"ReadAction\",\"target\":[\"https:\/\/www.psychotherapie-dellannunziata.de\/it\/mobbing-und-diskriminierung\/\"]}]},{\"@type\":\"BreadcrumbList\",\"@id\":\"https:\/\/www.psychotherapie-dellannunziata.de\/it\/mobbing-und-diskriminierung\/#breadcrumb\",\"itemListElement\":[{\"@type\":\"ListItem\",\"position\":1,\"name\":\"Startseite\",\"item\":\"https:\/\/www.psychotherapie-dellannunziata.de\/it\/\"},{\"@type\":\"ListItem\",\"position\":2,\"name\":\"Mobbing und Diskriminierung\"}]},{\"@type\":\"WebSite\",\"@id\":\"https:\/\/www.psychotherapie-dellannunziata.de\/#website\",\"url\":\"https:\/\/www.psychotherapie-dellannunziata.de\/\",\"name\":\"Praxis f\u00fcr Psychotherapie Dell&#039;Annunziata\",\"description\":\"Assunta Dell&#039;Annunziata\",\"potentialAction\":[{\"@type\":\"SearchAction\",\"target\":{\"@type\":\"EntryPoint\",\"urlTemplate\":\"https:\/\/www.psychotherapie-dellannunziata.de\/?s={search_term_string}\"},\"query-input\":\"required name=search_term_string\"}],\"inLanguage\":\"it-IT\"}]}<\/script>\n<!-- \/ Yoast SEO plugin. -->","yoast_head_json":{"title":"Mobbing und Diskriminierung - Praxis f\u00fcr Psychotherapie Dell&#039;Annunziata","robots":{"index":"index","follow":"follow","max-snippet":"max-snippet:-1","max-image-preview":"max-image-preview:large","max-video-preview":"max-video-preview:-1"},"canonical":"https:\/\/www.psychotherapie-dellannunziata.de\/it\/mobbing-und-diskriminierung\/","og_locale":"it_IT","og_type":"article","og_title":"Mobbing und Diskriminierung - Praxis f\u00fcr Psychotherapie Dell&#039;Annunziata","og_url":"https:\/\/www.psychotherapie-dellannunziata.de\/it\/mobbing-und-diskriminierung\/","og_site_name":"Praxis f\u00fcr Psychotherapie Dell&#039;Annunziata","article_modified_time":"2024-06-11T11:01:13+00:00","twitter_card":"summary_large_image","twitter_misc":{"Tempo di lettura stimato":"4 minuti"},"schema":{"@context":"https:\/\/schema.org","@graph":[{"@type":"WebPage","@id":"https:\/\/www.psychotherapie-dellannunziata.de\/it\/mobbing-und-diskriminierung\/","url":"https:\/\/www.psychotherapie-dellannunziata.de\/it\/mobbing-und-diskriminierung\/","name":"Mobbing und Diskriminierung - Praxis f\u00fcr Psychotherapie Dell&#039;Annunziata","isPartOf":{"@id":"https:\/\/www.psychotherapie-dellannunziata.de\/#website"},"datePublished":"2022-02-17T16:26:13+00:00","dateModified":"2024-06-11T11:01:13+00:00","breadcrumb":{"@id":"https:\/\/www.psychotherapie-dellannunziata.de\/it\/mobbing-und-diskriminierung\/#breadcrumb"},"inLanguage":"it-IT","potentialAction":[{"@type":"ReadAction","target":["https:\/\/www.psychotherapie-dellannunziata.de\/it\/mobbing-und-diskriminierung\/"]}]},{"@type":"BreadcrumbList","@id":"https:\/\/www.psychotherapie-dellannunziata.de\/it\/mobbing-und-diskriminierung\/#breadcrumb","itemListElement":[{"@type":"ListItem","position":1,"name":"Startseite","item":"https:\/\/www.psychotherapie-dellannunziata.de\/it\/"},{"@type":"ListItem","position":2,"name":"Mobbing und Diskriminierung"}]},{"@type":"WebSite","@id":"https:\/\/www.psychotherapie-dellannunziata.de\/#website","url":"https:\/\/www.psychotherapie-dellannunziata.de\/","name":"Praxis f\u00fcr Psychotherapie Dell&#039;Annunziata","description":"Assunta Dell&#039;Annunziata","potentialAction":[{"@type":"SearchAction","target":{"@type":"EntryPoint","urlTemplate":"https:\/\/www.psychotherapie-dellannunziata.de\/?s={search_term_string}"},"query-input":"required name=search_term_string"}],"inLanguage":"it-IT"}]}},"_links":{"self":[{"href":"https:\/\/www.psychotherapie-dellannunziata.de\/it\/wp-json\/wp\/v2\/pages\/3939","targetHints":{"allow":["GET"]}}],"collection":[{"href":"https:\/\/www.psychotherapie-dellannunziata.de\/it\/wp-json\/wp\/v2\/pages"}],"about":[{"href":"https:\/\/www.psychotherapie-dellannunziata.de\/it\/wp-json\/wp\/v2\/types\/page"}],"author":[{"embeddable":true,"href":"https:\/\/www.psychotherapie-dellannunziata.de\/it\/wp-json\/wp\/v2\/users\/1"}],"replies":[{"embeddable":true,"href":"https:\/\/www.psychotherapie-dellannunziata.de\/it\/wp-json\/wp\/v2\/comments?post=3939"}],"version-history":[{"count":1,"href":"https:\/\/www.psychotherapie-dellannunziata.de\/it\/wp-json\/wp\/v2\/pages\/3939\/revisions"}],"predecessor-version":[{"id":3940,"href":"https:\/\/www.psychotherapie-dellannunziata.de\/it\/wp-json\/wp\/v2\/pages\/3939\/revisions\/3940"}],"wp:attachment":[{"href":"https:\/\/www.psychotherapie-dellannunziata.de\/it\/wp-json\/wp\/v2\/media?parent=3939"}],"curies":[{"name":"wp","href":"https:\/\/api.w.org\/{rel}","templated":true}]}}